{"id":17,"date":"2020-09-17T22:17:29","date_gmt":"2020-09-17T20:17:29","guid":{"rendered":"http:\/\/sudristorante.it\/?page_id=17"},"modified":"2026-01-10T17:46:28","modified_gmt":"2026-01-10T16:46:28","slug":"sud","status":"publish","type":"page","link":"https:\/\/sudristorante.it\/eng\/","title":{"rendered":"SUD"},"content":{"rendered":"<p>[et_pb_section fb_built=&#8221;1&#8243; fullwidth=&#8221;on&#8221; _builder_version=&#8221;4.10.7&#8243; module_alignment=&#8221;left&#8221; min_height_last_edited=&#8221;off|phone&#8221; height_tablet=&#8221;&#8221; height_phone=&#8221;auto&#8221; height_last_edited=&#8221;on|phone&#8221; max_height_last_edited=&#8221;off|tablet&#8221; global_module=&#8221;655&#8243; global_colors_info=&#8221;{}&#8221;][et_pb_fullwidth_menu menu_id=&#8221;2&#8243; logo=&#8221;http:\/\/sudristorante.it\/wp-content\/uploads\/2020\/09\/Sud-Logo-Grey-150b.png&#8221; logo_url=&#8221;https:\/\/sudristorante.it&#8221; show_cart_icon=&#8221;on&#8221; cart_icon_color=&#8221;#808080&#8243; menu_icon_color=&#8221;#808080&#8243; cart_icon_font_size=&#8221;15px&#8221; _builder_version=&#8221;4.16&#8243; menu_font=&#8221;Mulish||||||||&#8221; menu_font_size=&#8221;13px&#8221; menu_line_height=&#8221;0em&#8221; global_colors_info=&#8221;{}&#8221;][\/et_pb_fullwidth_menu][\/et_pb_section][et_pb_section fb_built=&#8221;1&#8243; disabled_on=&#8221;off|off|off&#8221; admin_label=&#8221;Header&#8221; _builder_version=&#8221;4.16&#8243; background_color=&#8221;#ffffff&#8221; custom_margin=&#8221;-2px|||||&#8221; custom_padding=&#8221;0px||0px||false|false&#8221; locked=&#8221;off&#8221; global_colors_info=&#8221;{}&#8221;][et_pb_row column_structure=&#8221;3_5,2_5&#8243; _builder_version=&#8221;4.16&#8243; custom_margin=&#8221;|auto|0px|auto|false|false&#8221; custom_padding=&#8221;0px|||||&#8221; global_colors_info=&#8221;{}&#8221;][et_pb_column type=&#8221;3_5&#8243; _builder_version=&#8221;4.16&#8243; custom_padding=&#8221;|48px||48px|false|true&#8221; custom_padding_tablet=&#8221;|30px||30px|false|true&#8221; custom_padding_phone=&#8221;|20px||20px|false|true&#8221; custom_padding_last_edited=&#8221;on|phone&#8221; border_color_all=&#8221;#ffffff&#8221; border_style_all=&#8221;none&#8221; border_width_all_tablet=&#8221;8px&#8221; border_width_all_phone=&#8221;4px&#8221; border_width_all_last_edited=&#8221;on|phone&#8221; global_colors_info=&#8221;{}&#8221;][et_pb_image src=&#8221;https:\/\/sudristorante.it\/wp-content\/uploads\/2020\/09\/partenope.png&#8221; title_text=&#8221;partenope&#8221; align=&#8221;center&#8221; admin_label=&#8221;Sirena&#8221; _builder_version=&#8221;4.16&#8243; horizontal_offset_tablet=&#8221;-8vw&#8221; horizontal_offset_phone=&#8221;&#8221; horizontal_offset_last_edited=&#8221;on|phone&#8221; width=&#8221;154px&#8221; width_tablet=&#8221;177px&#8221; width_phone=&#8221;153px&#8221; width_last_edited=&#8221;on|phone&#8221; max_width=&#8221;100%&#8221; min_height=&#8221;41px&#8221; custom_margin=&#8221;|-209px|23px|146px||&#8221; custom_padding=&#8221;20px|8px||0px||&#8221; locked=&#8221;off&#8221; global_colors_info=&#8221;{}&#8221;][\/et_pb_image][et_pb_image src=&#8221;https:\/\/sudristorante.it\/wp-content\/uploads\/2020\/09\/Sud.jpg&#8221; title_text=&#8221;Sud&#8221; _builder_version=&#8221;4.16&#8243; custom_margin=&#8221;-44px||-44px||true|false&#8221; custom_margin_tablet=&#8221;-40px||-40px||true|false&#8221; custom_margin_phone=&#8221;-23px||-23px||true|false&#8221; custom_margin_last_edited=&#8221;on|desktop&#8221; custom_padding=&#8221;29px|||||&#8221; locked=&#8221;off&#8221; global_colors_info=&#8221;{}&#8221;][\/et_pb_image][\/et_pb_column][et_pb_column type=&#8221;2_5&#8243; _builder_version=&#8221;4.16&#8243; custom_padding=&#8221;60px||60px||true|false&#8221; custom_padding_tablet=&#8221;40px||40px||true|false&#8221; custom_padding_phone=&#8221;&#8221; custom_padding_last_edited=&#8221;on|phone&#8221; global_colors_info=&#8221;{}&#8221;][et_pb_text _builder_version=&#8221;4.16&#8243; text_font=&#8221;Mulish||||||||&#8221; header_font=&#8221;Mulish||||||||&#8221; header_2_font=&#8221;Mulish|||on|||||&#8221; header_2_text_color=&#8221;#000000&#8243; header_2_font_size=&#8221;40px&#8221; header_2_line_height=&#8221;1.4em&#8221; custom_margin=&#8221;||-29px|||&#8221; custom_padding=&#8221;|3px|28px|||&#8221; header_2_font_size_tablet=&#8221;30px&#8221; header_2_font_size_phone=&#8221;26px&#8221; header_2_font_size_last_edited=&#8221;on|phone&#8221; locked=&#8221;off&#8221; inline_fonts=&#8221;Muli&#8221; global_colors_info=&#8221;{}&#8221;]<\/p>\n<h2><span style=\"font-weight: normal;\">sud<\/span><\/h2>\n<p>[\/et_pb_text][et_pb_text content_tablet=&#8221;<\/p>\n<p style=%22font-weight: normal; font-size: medium;%22><strong>SUD<\/strong> \u00e8 una piccola parola con molte idee.<\/p>\n<p>Il sole, il mare, il vulcano, la citt\u00e0, la metropoli, il Lago d&#8217;Averno e la Montagna Spaccata.<\/p>\n<p>Duemila anni di storia e pi\u00f9, due milioni di persone e pi\u00f9, concentrate in un fazzoletto di terra che \u00e8 come il coperchio di una pentola dimenticata sul fuoco da qualche creatore distratto. Sud \u00e8 tutto quello che abbiamo attorno, confuso e splendente, cristallizzato in una officina del gusto: il nostro ristorante, <b>SUD<\/b>. Dove ogni giorno le idee di <strong>SUD<\/strong> sono gli arnesi per ricreare il Sud in una pietanza.<\/p>\n<p>Ogni giorno, guardandoci attorno.<\/p>\n<p><b>SUD<\/b> \u00e8 una piccola idea con molte parole.<\/p>\n<p>L\u2019amore e la passione, la furia e la fatica. L\u2019ansia e la gioia, la ricerca e il lavoro. Parole che sono i mattoncini con cui abbiamo costruito il nostro modo di stare nel mondo:<\/p>\n<p>il modo di <b>SUD<\/b>.<\/p>\n<p>&#8221; content_last_edited=&#8221;off|desktop&#8221; _builder_version=&#8221;4.16&#8243; text_font=&#8221;Mulish||||||||&#8221; text_font_size=&#8221;16px&#8221; text_line_height=&#8221;2em&#8221; link_font=&#8221;Mulish||||||||&#8221; ul_font=&#8221;Mulish||||||||&#8221; ol_font=&#8221;Mulish||||||||&#8221; quote_font=&#8221;Mulish||||||||&#8221; header_font=&#8221;Mulish||||||||&#8221; header_2_font=&#8221;Mulish||||||||&#8221; header_3_font=&#8221;Mulish||||||||&#8221; custom_margin=&#8221;9px|||||&#8221; custom_padding=&#8221;||0px|||&#8221; text_font_size_tablet=&#8221;14px&#8221; text_font_size_phone=&#8221;&#8221; text_font_size_last_edited=&#8221;on|phone&#8221; locked=&#8221;off&#8221; inline_fonts=&#8221;Muli&#8221; global_colors_info=&#8221;{}&#8221;]<\/p>\n<p>SUD \u00e8 una piccola parola con molte idee.<\/p>\n<p>Il sole, il mare, il vulcano, la citt\u00e0, la metropoli, il Lago d&#8217;Averno e la Montagna Spaccata.<br \/>Duemila anni di storia e pi\u00f9, due milioni di persone e pi\u00f9, concentrate in un fazzoletto di terra che \u00e8 come il coperchio di una pentola dimenticata sul fuoco da qualche creatore distratto. SUD \u00e8 tutto quello che abbiamo attorno, confuso e splendente, cristallizzato in una officina del gusto: il nostro ristorante, SUD. Dove ogni giorno le idee di SUD sono gli arnesi per ricreare il Sud in una pietanza.<\/p>\n<p>Ogni giorno, guardandoci attorno.<\/p>\n<p>SUD\u00a0\u00e8 una piccola idea con molte parole.<\/p>\n<p>L\u2019amore e la passione, la furia e la fatica. L\u2019ansia e la gioia, la ricerca e il lavoro. Parole che sono i mattoncini con cui abbiamo costruito il nostro modo di stare nel mondo:<\/p>\n<p>il modo di\u00a0SUD.<\/p>\n<p>[\/et_pb_text][\/et_pb_column][\/et_pb_row][\/et_pb_section][et_pb_section fb_built=&#8221;1&#8243; custom_padding_last_edited=&#8221;on|tablet&#8221; admin_label=&#8221;About&#8221; _builder_version=&#8221;4.16&#8243; background_color=&#8221;#f9f4ee&#8221; background_image=&#8221;http:\/\/sudristorante.it\/wp-content\/uploads\/2021\/10\/Neapolis.png&#8221; min_height=&#8221;127px&#8221; custom_margin=&#8221;0px||0px||false|false&#8221; custom_padding=&#8221;||14vw||false|false&#8221; custom_padding_tablet=&#8221;100px|0vw|300px|0vw|false|true&#8221; custom_padding_phone=&#8221;0px|10vw|150px|10vw|false|true&#8221; locked=&#8221;off&#8221; global_colors_info=&#8221;{}&#8221;][\/et_pb_section][et_pb_section fb_built=&#8221;1&#8243; admin_label=&#8221;About&#8221; _builder_version=&#8221;4.16&#8243; background_color=&#8221;#f9f4ee&#8221; use_background_color_gradient=&#8221;on&#8221; background_color_gradient_stops=&#8221;#ffffff 0%|#ffffff 100%&#8221; background_color_gradient_start=&#8221;#ffffff&#8221; background_color_gradient_end=&#8221;#ffffff&#8221; overflow-x=&#8221;hidden&#8221; overflow-y=&#8221;hidden&#8221; custom_padding=&#8221;2px|||||&#8221; global_colors_info=&#8221;{}&#8221;][et_pb_row column_structure=&#8221;2_5,3_5&#8243; _builder_version=&#8221;4.16&#8243; global_colors_info=&#8221;{}&#8221;][et_pb_column type=&#8221;2_5&#8243; _builder_version=&#8221;4.16&#8243; custom_padding=&#8221;50px||||false|false&#8221; custom_padding_tablet=&#8221;0px||||false|false&#8221; custom_padding_phone=&#8221;&#8221; custom_padding_last_edited=&#8221;on|phone&#8221; global_colors_info=&#8221;{}&#8221;][et_pb_text quote_border_weight=&#8221;6px&#8221; quote_border_color=&#8221;#e2e2e2&#8243; _builder_version=&#8221;4.16&#8243; text_font=&#8221;Mulish||||||||&#8221; text_line_height=&#8221;2em&#8221; quote_font=&#8221;Mulish|700|||||||&#8221; quote_text_align=&#8221;justify&#8221; quote_text_color=&#8221;#666666&#8243; quote_font_size=&#8221;1px&#8221; header_font=&#8221;Mulish||||||||&#8221; header_2_font=&#8221;Oswald|||on|||||&#8221; header_2_text_color=&#8221;#000000&#8243; header_2_font_size=&#8221;40px&#8221; header_2_line_height=&#8221;1.4em&#8221; max_width=&#8221;400px&#8221; min_height=&#8221;473px&#8221; custom_margin=&#8221;0px||||false|false&#8221; custom_padding=&#8221;0px||||false|false&#8221; header_2_font_size_tablet=&#8221;30px&#8221; header_2_font_size_phone=&#8221;24px&#8221; header_2_font_size_last_edited=&#8221;on|desktop&#8221; inline_fonts=&#8221;Muli&#8221; global_colors_info=&#8221;{}&#8221;]<\/p>\n<p><span style=\"font-weight: normal; font-size: medium;\"><strong>&#8216;U SPAGHETTO <\/strong><strong>CU &#8216;I<\/strong><br \/><strong>PEPITULE &#8216;I MARE<\/strong><br \/>(lo spaghetto con gli anemoni)<br \/><\/span><\/p>\n<blockquote>\n<p><span style=\"font-weight: normal; font-size: medium;\">\u00a0\u2018U Spaghetto cu \u2019i pepitule \u2018i mare<br \/>\u2019a lard\u00ecca ca se va a manteca\u2019<br \/>diventa crema addove va a sciuliare<br \/>\u2018nu sapore ca putesse prereca\u2019<br \/>il colore di una tavolozza<br \/>&#8216;nu dipinto \u2018i na mano ca n\u2019abbozza<br \/>mano sapiente addo ce truove ll\u2019onna<br \/>di quella cucina ca \u2018u palato sonna&#8230;\u00a0<\/span><\/p>\n<\/blockquote>\n<p style=\"font-size: medium;\">di Mimmo Borrelli<\/p>\n<p>[\/et_pb_text][\/et_pb_column][et_pb_column type=&#8221;3_5&#8243; _builder_version=&#8221;4.16&#8243; background_image=&#8221;http:\/\/sudristorante.it\/wp-content\/uploads\/2020\/09\/Carta-Nap-50-1.png&#8221; background_size=&#8221;initial&#8221; background_repeat=&#8221;repeat&#8221; border_color_all=&#8221;#000000&#8243; border_width_all_tablet=&#8221;0px&#8221; border_width_all_phone=&#8221;0px&#8221; border_width_all_last_edited=&#8221;on|phone&#8221; global_colors_info=&#8221;{}&#8221;][et_pb_image src=&#8221;https:\/\/sudristorante.it\/wp-content\/uploads\/2020\/09\/Anemoni-2.png&#8221; title_text=&#8221;Anemoni&#8221; _builder_version=&#8221;4.16&#8243; custom_margin=&#8221;-5%|-55%|-10%|-6%|false|false&#8221; custom_margin_tablet=&#8221;|-8%||-8%|false|true&#8221; custom_margin_phone=&#8221;|-8%||-8%|false|true&#8221; custom_margin_last_edited=&#8221;on|phone&#8221; locked=&#8221;off&#8221; global_colors_info=&#8221;{}&#8221;][\/et_pb_image][\/et_pb_column][\/et_pb_row][\/et_pb_section]<\/p>\n","protected":false},"excerpt":{"rendered":"<p>sudSUD \u00e8 una piccola parola con molte idee. Il sole, il mare, il vulcano, la citt\u00e0, la metropoli, il Lago d&#8217;Averno e la Montagna Spaccata.Duemila anni di storia e pi\u00f9, due milioni di persone e pi\u00f9, concentrate in un fazzoletto di terra che \u00e8 come il coperchio di una pentola dimenticata sul fuoco da qualche [&hellip;]<\/p>\n","protected":false},"author":1,"featured_media":0,"parent":0,"menu_order":0,"comment_status":"closed","ping_status":"closed","template":"","meta":{"_et_pb_use_builder":"on","_et_pb_old_content":"","_et_gb_content_width":"","footnotes":""},"class_list":["post-17","page","type-page","status-publish","hentry"],"_links":{"self":[{"href":"https:\/\/sudristorante.it\/eng\/wp-json\/wp\/v2\/pages\/17","targetHints":{"allow":["GET"]}}],"collection":[{"href":"https:\/\/sudristorante.it\/eng\/wp-json\/wp\/v2\/pages"}],"about":[{"href":"https:\/\/sudristorante.it\/eng\/wp-json\/wp\/v2\/types\/page"}],"author":[{"embeddable":true,"href":"https:\/\/sudristorante.it\/eng\/wp-json\/wp\/v2\/users\/1"}],"replies":[{"embeddable":true,"href":"https:\/\/sudristorante.it\/eng\/wp-json\/wp\/v2\/comments?post=17"}],"version-history":[{"count":159,"href":"https:\/\/sudristorante.it\/eng\/wp-json\/wp\/v2\/pages\/17\/revisions"}],"predecessor-version":[{"id":3863,"href":"https:\/\/sudristorante.it\/eng\/wp-json\/wp\/v2\/pages\/17\/revisions\/3863"}],"wp:attachment":[{"href":"https:\/\/sudristorante.it\/eng\/wp-json\/wp\/v2\/media?parent=17"}],"curies":[{"name":"wp","href":"https:\/\/api.w.org\/{rel}","templated":true}]}}